{"id":884,"date":"2021-04-11T18:27:02","date_gmt":"2021-04-11T16:27:02","guid":{"rendered":"http:\/\/www.monitzer.info\/?page_id=884"},"modified":"2024-11-07T20:35:49","modified_gmt":"2024-11-07T19:35:49","slug":"patientenbefoerderung","status":"publish","type":"page","link":"https:\/\/www.monitzer.info\/de_de\/home\/patientenbefoerderung\/","title":{"rendered":"PATIENTENTAXI"},"content":{"rendered":"<div class=\"wpb-content-wrapper\"><div class=\"vc_row wpb_row vc_row-fluid\"><div class=\"wpb_column vc_column_container vc_col-sm-12\"><div class=\"vc_column-inner\"><div class=\"wpb_wrapper\"><div class=\"vc_empty_space\"   style=\"height: 32px\"><span class=\"vc_empty_space_inner\"><\/span><\/div><div class=\"vc_icon_element vc_icon_element-outer wpb_animate_when_almost_visible wpb_top-to-bottom top-to-bottom vc_icon_element-align-center vc_icon_element-have-style\"><div class=\"vc_icon_element-inner vc_icon_element-color-custom vc_icon_element-have-style-inner vc_icon_element-size-lg vc_icon_element-style-rounded-outline vc_icon_element-outline vc_icon_element-background-color-grey\" ><span class=\"vc_icon_element-icon fas fa-phone-alt\" style=\"color:#ffa33a !important\"><\/span><a class=\"vc_icon_element-link\" href=\"tel:%20+43%205356%2066133\"  title=\"jetzt anrufen\" target=\"_blank\"><\/a><\/div><\/div>\n\t<div class=\"wpb_text_column wpb_content_element \" >\n\t\t<div class=\"wpb_wrapper\">\n\t\t\t<h3 style=\"text-align: center;\">Wir bieten auch Krankentransporte\/ Patientenbef\u00f6rderung an!<\/h3>\n<p style=\"text-align: center;\">Eine Krankheit ist eine Herausforderung. Gerne unterst\u00fctzen wir Sie, indem wir Sie zu Therapien, Untersuchungen, Behandlungen etc. bringen.<br \/>\nBei uns steht der Mensch im Mittelpunkt. Daher sind wir stets bem\u00fcht, Ihnen die bestm\u00f6gliche Hilfe und eine diskrete Betreuung anzubieten.<br \/>\nAuf Wunsch begleiten wir Sie auch zur Krankenstation oder helfen Ihnen mit Ihrem Gep\u00e4ck.<\/p>\n<p style=\"text-align: center;\">F\u00fcr weitere Fragen stehen wir Ihnen gerne telefonisch oder per E-Mail zur Verf\u00fcgung.<\/p>\n\n\t\t<\/div>\n\t<\/div>\n<\/div><\/div><\/div><\/div><div data-vc-full-width=\"true\" data-vc-full-width-init=\"false\" class=\"vc_row wpb_row vc_row-fluid vc_row-o-full-height vc_row-o-columns-middle vc_row-o-content-top vc_row-flex services-block\"><div class=\"wpb_column vc_column_container vc_col-sm-12 vc_col-has-fill\"><div class=\"vc_column-inner vc_custom_1618395916117\"><div class=\"wpb_wrapper\"><section class=\"vc_cta3-container\"><div class=\"vc_general vc_cta3 vc_cta3-style-outline vc_cta3-shape-rounded vc_cta3-align-center vc_cta3-color-black vc_cta3-icon-size-md vc_cta3-actions-bottom\"><div class=\"vc_cta3_content-container\"><div class=\"vc_cta3-content\"><header class=\"vc_cta3-content-header\"><h2>Patienten Taxi<\/h2><h4>Bef\u00f6rderung im Inland durch gesetzlich anerkannte Rettungsorganisationen in ein Krankenhaus oder zu einem Arzt.<\/h4><\/header><p style=\"text-align: center;\"><span style=\"color: #000000;\">Fahrten zu Arztpraxen oder Krankenh\u00e4usern k\u00f6nnen Kassenpatienten von der Kasse bezahlt bekommen.<\/span><br \/>\n<span style=\"color: #000000;\">Daf\u00fcr brauchen Sie ein Rezept, das \u00c4rzte nur verordnen d\u00fcrfen, wenn die Fahrt medizinisch notwendig ist.<\/span><br \/>\n<span style=\"color: #000000;\">F\u00fcr die Fahrt zu ambulanten oder station\u00e4ren Rehama\u00dfnahmen gibt es keine Verordnung des Arztes. Fragen Sie dazu direkt bei Ihrer Krankenkasse nach.<\/span><br \/>\n<span style=\"color: #000000;\">Patienten mit bestimmten Pflegegraden und Schwerbehinderungen k\u00f6nnen auch ohne vorherige Erlaubnis ihrer Krankenkasse ein Taxi nehmen und sich die Fahrkosten erstatten lassen.<\/span><\/p>\n<\/div><div class=\"vc_cta3-actions\"><div class=\"vc_btn3-container vc_btn3-center\" ><a style=\"background-color:#000000; color:#f28903;\" class=\"vc_general vc_btn3 vc_btn3-size-sm vc_btn3-shape-rounded vc_btn3-style-custom vc_btn3-block\" href=\"https:\/\/sso.sozialversicherung.at\/cdscontent\/?contentid=10007.820676&#038;portal=svportal\" title=\"\" target=\"_blank\">INFORMIEREN BEIM VERSICHERUNGSTR\u00c4GER<\/a><\/div><\/div><\/div><\/div><\/section><\/div><\/div><\/div><\/div><div class=\"vc_row-full-width vc_clearfix\"><\/div><div class=\"vc_row wpb_row vc_row-fluid vc_row-o-equal-height vc_row-flex\"><div class=\"wpb_column vc_column_container vc_col-sm-6\"><div class=\"vc_column-inner\"><div class=\"wpb_wrapper\"><div class=\"vc_message_box vc_message_box-standard vc_message_box-rounded vc_color-black vc_custom_1619077586855\" ><div class=\"vc_message_box-icon\"><i class=\"fas fa-info-circle\"><\/i><\/div><h1 style=\"text-align: center;\"><strong><span style=\"color: #000000;\">Achtung !<\/span><\/strong><\/h1>\n<h4 style=\"text-align: center;\"><span style=\"color: #000000;\">Wir f\u00fchren keine Liegend-Transporte durch! <\/span><\/h4>\n<h4 style=\"text-align: center;\"><span style=\"color: #000000;\">Unsere Fahrzeuge sind nur f\u00fcr Sitzend-Transporte geeignet.<\/span><\/h4>\n<\/div><\/div><\/div><\/div><div class=\"wpb_column vc_column_container vc_col-sm-6\"><div class=\"vc_column-inner\"><div class=\"wpb_wrapper\"><div class=\"vc_tta-container\" data-vc-action=\"collapseAll\"><div class=\"vc_general vc_tta vc_tta-accordion vc_tta-color-chino vc_tta-style-modern vc_tta-shape-rounded vc_tta-o-shape-group vc_tta-controls-align-center vc_tta-o-all-clickable\"><div class=\"vc_tta-panels-container\"><div class=\"vc_tta-panels\"><div class=\"vc_tta-panel\" id=\"1618292796134-8f9c9506-6bf0\" data-vc-content=\".vc_tta-panel-body\"><div class=\"vc_tta-panel-heading\"><h4 class=\"vc_tta-panel-title\"><a href=\"#1618292796134-8f9c9506-6bf0\" data-vc-accordion data-vc-container=\".vc_tta-container\"><span class=\"vc_tta-title-text\">Allgemeine Informationen<\/span><\/a><\/h4><\/div><div class=\"vc_tta-panel-body\">\n\t<div class=\"wpb_text_column wpb_content_element \" >\n\t\t<div class=\"wpb_wrapper\">\n\t\t\t<p>F\u00fcr eine reibungslose Abwicklung brauchen Sie nur eine \u00dcberweisung oder eine Transportgenehmigung von Ihrem Arzt.<\/p>\n\n\t\t<\/div>\n\t<\/div>\n<\/div><\/div><div class=\"vc_tta-panel\" id=\"1618292796155-b6c75ce1-04ab\" data-vc-content=\".vc_tta-panel-body\"><div class=\"vc_tta-panel-heading\"><h4 class=\"vc_tta-panel-title\"><a href=\"#1618292796155-b6c75ce1-04ab\" data-vc-accordion data-vc-container=\".vc_tta-container\"><span class=\"vc_tta-title-text\">Was zahlt die Krankenkasse?<\/span><\/a><\/h4><\/div><div class=\"vc_tta-panel-body\">\n\t<div class=\"wpb_text_column wpb_content_element \" >\n\t\t<div class=\"wpb_wrapper\">\n\t\t\t<p>Die Krankenkasse kommt f\u00fcr die Kosten von Fahrten zur <strong>Dialyse<\/strong>, <strong>Strahlen<\/strong>&#8211; und <strong>Chemotherapie\u00a0<\/strong>auf.<\/p>\n<p>F\u00fcr sonstige Krankentransporte, wie zB REHA, Untersuchungen etc., bitte vorab bei der jeweiligen Krankenkasse die \u00dcbernahme abkl\u00e4ren.<\/p>\n<h3 style=\"text-align: center;\"><b>Weitere Informationen finden Sie <a href=\"https:\/\/sso.sozialversicherung.at\/cdscontent\/?contentid=10007.820676&amp;portal=svportal\" target=\"_blank\" rel=\"noopener\">HIER<\/a><\/b><\/h3>\n\n\t\t<\/div>\n\t<\/div>\n<\/div><\/div><\/div><\/div><\/div><\/div><\/div><\/div><\/div><\/div><div class=\"vc_row wpb_row vc_row-fluid\"><div class=\"wpb_column vc_column_container vc_col-sm-12\"><div class=\"vc_column-inner\"><div class=\"wpb_wrapper\"><\/div><\/div><\/div><\/div><div data-vc-full-width=\"true\" data-vc-full-width-init=\"false\" class=\"vc_row wpb_row vc_row-fluid\"><div class=\"wpb_column vc_column_container vc_col-sm-12\"><div class=\"vc_column-inner\"><div class=\"wpb_wrapper\"><div class=\"vc_empty_space\"   style=\"height: 50px\"><span class=\"vc_empty_space_inner\"><\/span><\/div><div class=\"vc_separator wpb_content_element vc_separator_align_center vc_sep_width_100 vc_sep_border_width_2 vc_sep_pos_align_center vc_separator-has-text\" ><span class=\"vc_sep_holder vc_sep_holder_l\"><span style=\"border-color:#eeee22;\" class=\"vc_sep_line\"><\/span><\/span><h4>PATIENTENTAXI Vorbestellen<\/h4><span class=\"vc_sep_holder vc_sep_holder_r\"><span style=\"border-color:#eeee22;\" class=\"vc_sep_line\"><\/span><\/span>\n<\/div>\n\t<div class=\"wpb_text_column wpb_content_element \" >\n\t\t<div class=\"wpb_wrapper\">\n\t\t\t<h4 style=\"text-align: center;\"><strong><span style=\"color: #000000;\">Anfrage stellen:<\/span><\/strong><\/h4>\n<p style=\"text-align: center;\"><span style=\"color: #000000;\">Bitte beachten Sie das Sie <strong>min. 3 Tage vor Ihrem Wunschtermin<\/strong> Ihre Anfrage stellen, da wir nicht T\u00e4glich im B\u00fcro sind<\/span><\/p>\n\n\t\t<\/div>\n\t<\/div>\n<div class=\"vc_empty_space\"   style=\"height: 10px\"><span class=\"vc_empty_space_inner\"><\/span><\/div>\n\t<div class=\"wpb_text_column wpb_content_element  vc_custom_1619079686006\" >\n\t\t<div class=\"wpb_wrapper\">\n\t\t\t<p style=\"text-align: center;\">\n<div class=\"wpcf7 no-js\" id=\"wpcf7-f1683-o1\" lang=\"en-US\" dir=\"ltr\">\n<div class=\"screen-reader-response\"><p role=\"status\" aria-live=\"polite\" aria-atomic=\"true\"><\/p> <ul><\/ul><\/div>\n<form action=\"\/de_de\/wp-json\/wp\/v2\/pages\/884#wpcf7-f1683-o1\" method=\"post\" class=\"wpcf7-form init wpcf7-acceptance-as-validation\" aria-label=\"Contact form\" novalidate=\"novalidate\" data-status=\"init\">\n<div style=\"display: none;\">\n<input type=\"hidden\" name=\"_wpcf7\" value=\"1683\" \/>\n<input type=\"hidden\" name=\"_wpcf7_version\" value=\"5.8.4\" \/>\n<input type=\"hidden\" name=\"_wpcf7_locale\" value=\"en_US\" \/>\n<input type=\"hidden\" name=\"_wpcf7_unit_tag\" value=\"wpcf7-f1683-o1\" \/>\n<input type=\"hidden\" name=\"_wpcf7_container_post\" value=\"0\" \/>\n<input type=\"hidden\" name=\"_wpcf7_posted_data_hash\" value=\"\" \/>\n<\/div>\n<div class=\"row\">\n\t<div class=\"col-md-2ths\">\n\t\t<p><label>Ihre Daten <span class=\"wpcf7-form-control-wrap\" data-name=\"Ihr\"><input size=\"40\" class=\"wpcf7-form-control wpcf7-text wpcf7-validates-as-required\" aria-required=\"true\" aria-invalid=\"false\" placeholder=\"Name\" value=\"\" type=\"text\" name=\"Ihr\" \/><\/span><\/label>\n\t\t<\/p>\n\t<\/div>\n\t<div class=\"col-md-2ths\">\n\t\t<p><label><span class=\"wpcf7-form-control-wrap\" data-name=\"Ihre\"><input size=\"40\" class=\"wpcf7-form-control wpcf7-email wpcf7-validates-as-required wpcf7-text wpcf7-validates-as-email\" aria-required=\"true\" aria-invalid=\"false\" placeholder=\"Mailadresse\" value=\"\" type=\"email\" name=\"Ihre\" \/><\/span><\/label>\n\t\t<\/p>\n\t<\/div>\n\t<div class=\"col-md-2ths\">\n\t\t<p><label><span class=\"wpcf7-form-control-wrap\" data-name=\"phone\"><input size=\"40\" class=\"wpcf7-form-control wpcf7-text wpcf7-validates-as-required\" aria-required=\"true\" aria-invalid=\"false\" placeholder=\"Tel.:\" value=\"\" type=\"text\" name=\"phone\" \/><\/span><\/label>\n\t\t<\/p>\n\t<\/div>\n<\/div>\n<div class=\"row\">\n\t<div class=\"col-md-4ths\">\n\t\t<p><label>Fahrt von <span class=\"wpcf7-form-control-wrap\" data-name=\"address\"><input size=\"40\" class=\"wpcf7-form-control wpcf7-text\" aria-invalid=\"false\" placeholder=\"VON...\" value=\"\" type=\"text\" name=\"address\" \/><\/span><\/label>\n\t\t<\/p>\n\t<\/div>\n\t<div class=\"col-md-4ths\">\n\t\t<p><label>Fahrt nach <span class=\"wpcf7-form-control-wrap\" data-name=\"to\"><input size=\"40\" class=\"wpcf7-form-control wpcf7-text\" aria-invalid=\"false\" placeholder=\"NACH...\" value=\"\" type=\"text\" name=\"to\" \/><\/span><\/label>\n\t\t<\/p>\n\t<\/div>\n\t<div class=\"col-md-4ths\">\n\t\t<p><label>Personen <span class=\"wpcf7-form-control-wrap\" data-name=\"Personen\"><select class=\"wpcf7-form-control wpcf7-select wpcf7-validates-as-required\" aria-required=\"true\" aria-invalid=\"false\" name=\"Personen\"><option value=\"1 Person\">1 Person<\/option><option value=\"2 Personen\">2 Personen<\/option><option value=\"...\">...<\/option><\/select><\/span><\/label>\n\t\t<\/p>\n\t<\/div>\n\t<div class=\"col-md-4ths\">\n\t\t<p><label> Wann <span class=\"wpcf7-form-control-wrap\" data-name=\"date\"><input class=\"wpcf7-form-control wpcf7-date wpcf7-validates-as-date\" aria-invalid=\"false\" placeholder=\"Datum\" value=\"\" type=\"date\" name=\"date\" \/><\/span> <\/label>\n\t\t<\/p>\n\t<\/div>\n<\/div>\n<p><span class=\"wpcf7-form-control-wrap\" data-name=\"Sonstiges\"><textarea cols=\"40\" rows=\"10\" class=\"wpcf7-form-control wpcf7-textarea\" aria-invalid=\"false\" placeholder=\"sonstiges\" name=\"Sonstiges\"><\/textarea><\/span>\n<\/p>\n<p><br \/>\n<span class=\"wpcf7-form-control-wrap\" data-name=\"zustimmung\"><span class=\"wpcf7-form-control wpcf7-acceptance\"><span class=\"wpcf7-list-item\"><label><input type=\"checkbox\" name=\"zustimmung\" value=\"1\" aria-invalid=\"false\" \/><span class=\"wpcf7-list-item-label\">Ich habe die <a href=\"\/datenschutz\/\">Datenschutzerkl\u00e4rung<\/a> zur Kenntnis genommen und akzeptiert.\n Ich stimme zu, dass meine Formularangaben zur Kontaktaufnahme bzw. zur Bearbeitung meines Anliegens gespeichert werden.<p><\/span><\/label><\/span><\/span><\/span><br \/>\n<input class=\"wpcf7-form-control wpcf7-submit has-spinner\" type=\"submit\" value=\"Anfrage senden\" \/>\n<\/p>\n<div class=\"wpcf7-response-output\" aria-hidden=\"true\"><\/div>\n<\/form>\n<\/div>\n\n\t\t<\/div>\n\t<\/div>\n<\/div><\/div><\/div><\/div><div class=\"vc_row-full-width vc_clearfix\"><\/div>\n<\/div>","protected":false},"excerpt":{"rendered":"Wir bieten auch Krankentransporte\/ Patientenbef\u00f6rderung an! Eine Krankheit ist eine Herausforderung. Gerne unterst\u00fctzen wir Sie, indem wir Sie zu Therapien, Untersuchungen, Behandlungen etc. bringen. Bei uns steht der Mensch im Mittelpunkt. Daher sind wir stets bem\u00fcht, Ihnen die bestm\u00f6gliche Hilfe und eine diskrete Betreuung anzubieten. Auf Wunsch begleiten wir Sie auch zur Krankenstation oder helfen [...]","protected":false},"author":3,"featured_media":0,"parent":10,"menu_order":3,"comment_status":"closed","ping_status":"closed","template":"","meta":{"footnotes":""},"yoast_head":"<!-- This site is optimized with the Yoast SEO plugin v21.7 - https:\/\/yoast.com\/wordpress\/plugins\/seo\/ -->\n<title>PATIENTENTAXI - Taxi und Transporte Monitzer<\/title>\n<meta name=\"description\" content=\"Taxi Monitzer - Patiententaxi +43 5356 67200\" \/>\n<meta name=\"robots\" content=\"index, follow, max-snippet:-1, max-image-preview:large, max-video-preview:-1\" \/>\n<link rel=\"canonical\" href=\"https:\/\/www.monitzer.info\/de_de\/home\/patientenbefoerderung\/\" \/>\n<meta property=\"og:locale\" content=\"de_DE\" \/>\n<meta property=\"og:type\" content=\"article\" \/>\n<meta property=\"og:title\" content=\"PATIENTENTAXI - Taxi und Transporte Monitzer\" \/>\n<meta property=\"og:description\" content=\"Taxi Monitzer - Patiententaxi +43 5356 67200\" \/>\n<meta property=\"og:url\" content=\"https:\/\/www.monitzer.info\/de_de\/home\/patientenbefoerderung\/\" \/>\n<meta property=\"og:site_name\" content=\"Taxi und Transporte Monitzer\" \/>\n<meta property=\"article:publisher\" content=\"https:\/\/de-de.facebook.com\/TaxiUndTransporteMonitzer\/\" \/>\n<meta property=\"article:modified_time\" content=\"2024-11-07T19:35:49+00:00\" \/>\n<meta property=\"og:image\" content=\"https:\/\/www.monitzer.info\/wp-content\/uploads\/2021\/04\/logo_kranken_01.png\" \/>\n\t<meta property=\"og:image:width\" content=\"508\" \/>\n\t<meta property=\"og:image:height\" content=\"151\" \/>\n\t<meta property=\"og:image:type\" content=\"image\/png\" \/>\n<meta name=\"twitter:card\" content=\"summary_large_image\" \/>\n<meta name=\"twitter:label1\" content=\"Gesch\u00e4tzte Lesezeit\" \/>\n\t<meta name=\"twitter:data1\" content=\"2\u00a0Minuten\" \/>\n<script type=\"application\/ld+json\" class=\"yoast-schema-graph\">{\"@context\":\"https:\/\/schema.org\",\"@graph\":[{\"@type\":\"WebPage\",\"@id\":\"https:\/\/www.monitzer.info\/home\/patientenbefoerderung\/\",\"url\":\"https:\/\/www.monitzer.info\/home\/patientenbefoerderung\/\",\"name\":\"PATIENTENTAXI - Taxi und Transporte Monitzer\",\"isPartOf\":{\"@id\":\"https:\/\/www.monitzer.info\/#website\"},\"datePublished\":\"2021-04-11T16:27:02+00:00\",\"dateModified\":\"2024-11-07T19:35:49+00:00\",\"description\":\"Taxi Monitzer - Patiententaxi +43 5356 67200\",\"breadcrumb\":{\"@id\":\"https:\/\/www.monitzer.info\/home\/patientenbefoerderung\/#breadcrumb\"},\"inLanguage\":\"de\",\"potentialAction\":[{\"@type\":\"ReadAction\",\"target\":[\"https:\/\/www.monitzer.info\/home\/patientenbefoerderung\/\"]}]},{\"@type\":\"BreadcrumbList\",\"@id\":\"https:\/\/www.monitzer.info\/home\/patientenbefoerderung\/#breadcrumb\",\"itemListElement\":[{\"@type\":\"ListItem\",\"position\":1,\"name\":\"Startseite\",\"item\":\"https:\/\/www.monitzer.info\/\"},{\"@type\":\"ListItem\",\"position\":2,\"name\":\"WILLKOMMEN\",\"item\":\"https:\/\/www.monitzer.info\/\"},{\"@type\":\"ListItem\",\"position\":3,\"name\":\"PATIENTENTAXI\"}]},{\"@type\":\"WebSite\",\"@id\":\"https:\/\/www.monitzer.info\/#website\",\"url\":\"https:\/\/www.monitzer.info\/\",\"name\":\"Taxi und Transporte Monitzer\",\"description\":\"24 Stunden 7 Tage die Woche f\u00fcr Sie im Einsatz!\",\"publisher\":{\"@id\":\"https:\/\/www.monitzer.info\/#organization\"},\"potentialAction\":[{\"@type\":\"SearchAction\",\"target\":{\"@type\":\"EntryPoint\",\"urlTemplate\":\"https:\/\/www.monitzer.info\/?s={search_term_string}\"},\"query-input\":\"required name=search_term_string\"}],\"inLanguage\":\"de\"},{\"@type\":\"Organization\",\"@id\":\"https:\/\/www.monitzer.info\/#organization\",\"name\":\"Taxi, Krankenbef\u00f6rderung und Transporte Monitzer\",\"url\":\"https:\/\/www.monitzer.info\/\",\"logo\":{\"@type\":\"ImageObject\",\"inLanguage\":\"de\",\"@id\":\"https:\/\/www.monitzer.info\/#\/schema\/logo\/image\/\",\"url\":\"https:\/\/www.monitzer.info\/wp-content\/uploads\/2021\/04\/logo_taxi_01-1.png\",\"contentUrl\":\"https:\/\/www.monitzer.info\/wp-content\/uploads\/2021\/04\/logo_taxi_01-1.png\",\"width\":508,\"height\":100,\"caption\":\"Taxi, Krankenbef\u00f6rderung und Transporte Monitzer\"},\"image\":{\"@id\":\"https:\/\/www.monitzer.info\/#\/schema\/logo\/image\/\"},\"sameAs\":[\"https:\/\/de-de.facebook.com\/TaxiUndTransporteMonitzer\/\"]}]}<\/script>\n<!-- \/ Yoast SEO plugin. -->","yoast_head_json":{"title":"PATIENTENTAXI - Taxi und Transporte Monitzer","description":"Taxi Monitzer - Patiententaxi +43 5356 67200","robots":{"index":"index","follow":"follow","max-snippet":"max-snippet:-1","max-image-preview":"max-image-preview:large","max-video-preview":"max-video-preview:-1"},"canonical":"https:\/\/www.monitzer.info\/de_de\/home\/patientenbefoerderung\/","og_locale":"de_DE","og_type":"article","og_title":"PATIENTENTAXI - Taxi und Transporte Monitzer","og_description":"Taxi Monitzer - Patiententaxi +43 5356 67200","og_url":"https:\/\/www.monitzer.info\/de_de\/home\/patientenbefoerderung\/","og_site_name":"Taxi und Transporte Monitzer","article_publisher":"https:\/\/de-de.facebook.com\/TaxiUndTransporteMonitzer\/","article_modified_time":"2024-11-07T19:35:49+00:00","og_image":[{"width":508,"height":151,"url":"https:\/\/www.monitzer.info\/wp-content\/uploads\/2021\/04\/logo_kranken_01.png","type":"image\/png"}],"twitter_card":"summary_large_image","twitter_misc":{"Gesch\u00e4tzte Lesezeit":"2\u00a0Minuten"},"schema":{"@context":"https:\/\/schema.org","@graph":[{"@type":"WebPage","@id":"https:\/\/www.monitzer.info\/home\/patientenbefoerderung\/","url":"https:\/\/www.monitzer.info\/home\/patientenbefoerderung\/","name":"PATIENTENTAXI - Taxi und Transporte Monitzer","isPartOf":{"@id":"https:\/\/www.monitzer.info\/#website"},"datePublished":"2021-04-11T16:27:02+00:00","dateModified":"2024-11-07T19:35:49+00:00","description":"Taxi Monitzer - Patiententaxi +43 5356 67200","breadcrumb":{"@id":"https:\/\/www.monitzer.info\/home\/patientenbefoerderung\/#breadcrumb"},"inLanguage":"de","potentialAction":[{"@type":"ReadAction","target":["https:\/\/www.monitzer.info\/home\/patientenbefoerderung\/"]}]},{"@type":"BreadcrumbList","@id":"https:\/\/www.monitzer.info\/home\/patientenbefoerderung\/#breadcrumb","itemListElement":[{"@type":"ListItem","position":1,"name":"Startseite","item":"https:\/\/www.monitzer.info\/"},{"@type":"ListItem","position":2,"name":"WILLKOMMEN","item":"https:\/\/www.monitzer.info\/"},{"@type":"ListItem","position":3,"name":"PATIENTENTAXI"}]},{"@type":"WebSite","@id":"https:\/\/www.monitzer.info\/#website","url":"https:\/\/www.monitzer.info\/","name":"Taxi und Transporte Monitzer","description":"24 Stunden 7 Tage die Woche f\u00fcr Sie im Einsatz!","publisher":{"@id":"https:\/\/www.monitzer.info\/#organization"},"potentialAction":[{"@type":"SearchAction","target":{"@type":"EntryPoint","urlTemplate":"https:\/\/www.monitzer.info\/?s={search_term_string}"},"query-input":"required name=search_term_string"}],"inLanguage":"de"},{"@type":"Organization","@id":"https:\/\/www.monitzer.info\/#organization","name":"Taxi, Krankenbef\u00f6rderung und Transporte Monitzer","url":"https:\/\/www.monitzer.info\/","logo":{"@type":"ImageObject","inLanguage":"de","@id":"https:\/\/www.monitzer.info\/#\/schema\/logo\/image\/","url":"https:\/\/www.monitzer.info\/wp-content\/uploads\/2021\/04\/logo_taxi_01-1.png","contentUrl":"https:\/\/www.monitzer.info\/wp-content\/uploads\/2021\/04\/logo_taxi_01-1.png","width":508,"height":100,"caption":"Taxi, Krankenbef\u00f6rderung und Transporte Monitzer"},"image":{"@id":"https:\/\/www.monitzer.info\/#\/schema\/logo\/image\/"},"sameAs":["https:\/\/de-de.facebook.com\/TaxiUndTransporteMonitzer\/"]}]}},"_links":{"self":[{"href":"https:\/\/www.monitzer.info\/de_de\/wp-json\/wp\/v2\/pages\/884"}],"collection":[{"href":"https:\/\/www.monitzer.info\/de_de\/wp-json\/wp\/v2\/pages"}],"about":[{"href":"https:\/\/www.monitzer.info\/de_de\/wp-json\/wp\/v2\/types\/page"}],"author":[{"embeddable":true,"href":"https:\/\/www.monitzer.info\/de_de\/wp-json\/wp\/v2\/users\/3"}],"replies":[{"embeddable":true,"href":"https:\/\/www.monitzer.info\/de_de\/wp-json\/wp\/v2\/comments?post=884"}],"version-history":[{"count":108,"href":"https:\/\/www.monitzer.info\/de_de\/wp-json\/wp\/v2\/pages\/884\/revisions"}],"predecessor-version":[{"id":2233,"href":"https:\/\/www.monitzer.info\/de_de\/wp-json\/wp\/v2\/pages\/884\/revisions\/2233"}],"up":[{"embeddable":true,"href":"https:\/\/www.monitzer.info\/de_de\/wp-json\/wp\/v2\/pages\/10"}],"wp:attachment":[{"href":"https:\/\/www.monitzer.info\/de_de\/wp-json\/wp\/v2\/media?parent=884"}],"curies":[{"name":"wp","href":"https:\/\/api.w.org\/{rel}","templated":true}]}}